{"id":4841,"date":"2015-07-08T23:52:45","date_gmt":"2015-07-08T21:52:45","guid":{"rendered":"http:\/\/lluistorne.cat\/about-me\/?lang=es"},"modified":"2021-06-07T19:26:37","modified_gmt":"2021-06-07T17:26:37","slug":"lluis-torne","status":"publish","type":"page","link":"https:\/\/lluistorne.com\/es\/lluis-torne\/","title":{"rendered":"Sobre m\u00ed"},"content":{"rendered":"<div class=\"fusion-fullwidth fullwidth-box fusion-builder-row-1 hundred-percent-fullwidth non-hundred-percent-height-scrolling\" style=\"--awb-border-radius-top-left:0px;--awb-border-radius-top-right:0px;--awb-border-radius-bottom-right:0px;--awb-border-radius-bottom-left:0px;--awb-overflow:visible;--awb-flex-wrap:wrap;\" ><div class=\"fusion-builder-row fusion-row\"><div class=\"fusion-layout-column fusion_builder_column fusion-builder-column-0 fusion_builder_column_1_2 1_2 fusion-one-half fusion-column-first\" style=\"--awb-bg-size:cover;width:48%; margin-right: 4%;\"><div class=\"fusion-column-wrapper fusion-flex-column-wrapper-legacy\"><div class=\"fusion-title title fusion-title-1 fusion-title-text fusion-title-size-two\" style=\"--awb-sep-color:#1e73be;\"><h2 class=\"fusion-title-heading title-heading-left fusion-responsive-typography-calculated\" style=\"margin:0;text-transform:none;--fontSize:20;--minFontSize:20;line-height:1.5;\">@lluistorne<\/h2><span class=\"awb-title-spacer\"><\/span><div class=\"title-sep-container\"><div class=\"title-sep sep-double sep-solid\" style=\"border-color:#1e73be;\"><\/div><\/div><\/div><div class=\"fusion-person person fusion-person-left fusion-person-1 fusion-person-icon-top\" style=\"--awb-pic-style-color:#000000;--awb-pic-borderradius:0px;--awb-margin-top:0px;--awb-margin-right:0px;--awb-margin-bottom:0px;--awb-margin-left:0px;--awb-social-box-border-top:0px;--awb-social-box-border-right:0px;--awb-social-box-border-bottom:0px;--awb-social-box-border-left:0px;--awb-social-box-border-color:var(--awb-color3);--awb-social-box-border-color-hover:var(--awb-color4);--awb-social-box-colors-hover:rgba(232,232,232,0.8);--awb-social-icon-boxed-colors:#1a80b6;--awb-social-icon-colors:#1e73be;--awb-social-icon-colors-hover:rgba(255,255,255,0.8);\"><div class=\"person-shortcode-image-wrapper\"><div class=\"person-image-container hover-type-none\" style=\"border:0px solid #f6f6f6;-webkit-border-radius:0px;-moz-border-radius:0px;border-radius:0px;\"><img decoding=\"async\" class=\"person-img img-responsive wp-image-6207\" width=\"1024\" height=\"768\" src=\"https:\/\/lluistorne.com\/wp-content\/uploads\/2021\/06\/lluis-torne-web-1024x768.jpeg\" alt=\"Llu\u00eds Torn\u00e9\" srcset=\"https:\/\/lluistorne.com\/wp-content\/uploads\/2021\/06\/lluis-torne-web-200x150.jpeg 200w, https:\/\/lluistorne.com\/wp-content\/uploads\/2021\/06\/lluis-torne-web-400x300.jpeg 400w, https:\/\/lluistorne.com\/wp-content\/uploads\/2021\/06\/lluis-torne-web-600x450.jpeg 600w, https:\/\/lluistorne.com\/wp-content\/uploads\/2021\/06\/lluis-torne-web-800x600.jpeg 800w, https:\/\/lluistorne.com\/wp-content\/uploads\/2021\/06\/lluis-torne-web-1200x900.jpeg 1200w, https:\/\/lluistorne.com\/wp-content\/uploads\/2021\/06\/lluis-torne-web.jpeg 1280w\" sizes=\"(max-width: 800px) 100vw, 600px\" \/><\/div><\/div><div class=\"person-desc\"><div class=\"person-author\"><div class=\"person-author-wrapper\"><span class=\"person-name\">Llu\u00eds Torn\u00e9<\/span><span class=\"person-title\">Digital Manager<\/span><\/div><div class=\"fusion-social-networks\"><div class=\"fusion-social-networks-wrapper\"><a class=\"fusion-social-network-icon fusion-tooltip fusion-linkedin awb-icon-linkedin custom\" aria-label=\"fusion-linkedin\" href=\"https:\/\/www.linkedin.com\/in\/lluistornecortada\/\" target=\"_blank\" rel=\"noopener noreferrer\" style=\"color:#1e73be;font-size:16px;\" data-placement=\"top\" data-title=\"LinkedIn\" title=\"LinkedIn\" data-toggle=\"tooltip\"><\/a><a class=\"fusion-social-network-icon fusion-tooltip fusion-twitter awb-icon-twitter custom\" aria-label=\"fusion-twitter\" href=\"https:\/\/twitter.com\/lluistorne\" target=\"_blank\" rel=\"noopener noreferrer\" style=\"color:#1e73be;font-size:16px;\" data-placement=\"top\" data-title=\"Twitter\" title=\"Twitter\" data-toggle=\"tooltip\"><\/a><a class=\"fusion-social-network-icon fusion-tooltip fusion-instagram awb-icon-instagram custom\" aria-label=\"fusion-instagram\" href=\"https:\/\/instagram.com\/lluis_torne\/\" target=\"_blank\" rel=\"noopener noreferrer\" style=\"color:#1e73be;font-size:16px;\" data-placement=\"top\" data-title=\"Instagram\" title=\"Instagram\" data-toggle=\"tooltip\"><\/a><a class=\"fusion-social-network-icon fusion-tooltip fusion-facebook awb-icon-facebook custom\" aria-label=\"fusion-facebook\" href=\"https:\/\/www.facebook.com\/lluis.torne.cortada\" target=\"_blank\" rel=\"noopener noreferrer\" style=\"color:#1e73be;font-size:16px;\" data-placement=\"top\" data-title=\"Facebook\" title=\"Facebook\" data-toggle=\"tooltip\"><\/a><\/div><\/div><\/div><div class=\"person-content fusion-clearfix\">Comunicaci\u00f3n Estrat\u00e9gica y Marketing Digital para comunicar marca.<\/div><\/div><\/div><div class=\"fusion-clearfix\"><\/div><\/div><\/div><div class=\"fusion-layout-column fusion_builder_column fusion-builder-column-1 fusion_builder_column_1_2 1_2 fusion-one-half fusion-column-last\" style=\"--awb-bg-size:cover;width:48%;\"><div class=\"fusion-column-wrapper fusion-flex-column-wrapper-legacy\"><div class=\"fusion-title title fusion-title-2 fusion-title-text fusion-title-size-two\" style=\"--awb-sep-color:#1e73be;\"><h2 class=\"fusion-title-heading title-heading-left fusion-responsive-typography-calculated\" style=\"margin:0;text-transform:none;--fontSize:20;--minFontSize:20;line-height:1.5;\">\u00bfQui\u00e9n soy?<\/h2><span class=\"awb-title-spacer\"><\/span><div class=\"title-sep-container\"><div class=\"title-sep sep-double sep-solid\" style=\"border-color:#1e73be;\"><\/div><\/div><\/div><div class=\"fusion-text fusion-text-1\"><div>Autor de este Blog Marketing Digital Llu\u00eds Torn\u00e9; Digital Manager; &#8216;Executive MBA (EMBA) 2018-21&#8217; por EAE Business School; \u2018M\u00e1ster en Marketing Digital y Comercio Electr\u00f3nico 2016-18\u2019 por EAE Business School; Certificado en \u2018Community Management\u2019, en \u2018Competencias Tecnol\u00f3gicas para Community Manager\u2019, en \u2018Gesti\u00f3n de Blogs\u2019 y en \u2018Marketing Online\u2019 por la Fundaci\u00f3n Uned; Certificado en Google AdWords.<\/div>\n<div>Apasionado por la comunicaci\u00f3n y el marketing digital. Es necesario seguir un plan digital y una estrategia para conseguir cualquier objetivo. Escuchar, medir, analizar y aprender; y mejorar cada d\u00eda. Es dif\u00edcil asumir, pero es todo un reto, que por mucho que hagamos siempre nos queda mucho m\u00e1s por hacer.<\/div>\n<div>Este sitio web \u00e9s un proyecto personal para disfrutar de las emociones del mundo digital en el que comparto lo que voy aprendiendo, y si puede ayudarte, pues mejor.<\/div>\n<\/div><div class=\"fusion-sep-clear\"><\/div><div class=\"fusion-separator fusion-full-width-sep\" style=\"margin-left: auto;margin-right: auto;margin-top:20px;margin-bottom:20px;width:100%;\"><div class=\"fusion-separator-border sep-single sep-solid\" style=\"--awb-height:20px;--awb-amount:20px;border-color:#e0dede;border-top-width:1px;\"><\/div><\/div><div class=\"fusion-sep-clear\"><\/div><ul style=\"--awb-size:16px;--awb-line-height:27.2px;--awb-icon-width:27.2px;--awb-icon-height:27.2px;--awb-icon-margin:11.2px;--awb-content-margin:38.4px;--awb-circlecolor:#1a80b6;--awb-circle-yes-font-size:14.08px;\" class=\"fusion-checklist fusion-checklist-1 fusion-checklist-default type-icons\"><li class=\"fusion-li-item\" style=\"\"><span class=\"icon-wrapper circle-yes\"><i class=\"fusion-li-icon fa-star far\" aria-hidden=\"true\"><\/i><\/span><div class=\"fusion-li-item-content\">Inquietud y ambici\u00f3n por desarrollar ideas nuevas y creativas en marketing digital<\/div><\/li><li class=\"fusion-li-item\" style=\"\"><span class=\"icon-wrapper circle-yes\"><i class=\"fusion-li-icon fa-star far\" aria-hidden=\"true\"><\/i><\/span><div class=\"fusion-li-item-content\">Se tiene que valorar lo que cuenta hacer las cosas, pero tambi\u00e9n lo que no cuesta hacerlas<\/div><\/li><li class=\"fusion-li-item\" style=\"\"><span class=\"icon-wrapper circle-yes\"><i class=\"fusion-li-icon fa-star far\" aria-hidden=\"true\"><\/i><\/span><div class=\"fusion-li-item-content\">Nada es imposible, si de verdad te interesa<\/div><\/li><li class=\"fusion-li-item\" style=\"\"><span class=\"icon-wrapper circle-yes\"><i class=\"fusion-li-icon fa-star far\" aria-hidden=\"true\"><\/i><\/span><div class=\"fusion-li-item-content\">El mejor marketing es cuando lo es sin buscarlo<\/div><\/li><li class=\"fusion-li-item\" style=\"\"><span class=\"icon-wrapper circle-yes\"><i class=\"fusion-li-icon fa-star far\" aria-hidden=\"true\"><\/i><\/span><div class=\"fusion-li-item-content\">\u00bfDejamos de pensar que publicaremos hoy y nos ponemos a pensar como explicamos las cosas?<\/div><\/li><\/ul><div class=\"fusion-clearfix\"><\/div><\/div><\/div><\/div><\/div>\n","protected":false},"excerpt":{"rendered":"","protected":false},"author":1,"featured_media":0,"parent":0,"menu_order":0,"comment_status":"open","ping_status":"open","template":"","meta":{"_monsterinsights_skip_tracking":false,"_monsterinsights_sitenote_active":false,"_monsterinsights_sitenote_note":"","_monsterinsights_sitenote_category":0,"footnotes":""},"yoast_head":"<!-- This site is optimized with the Yoast SEO plugin v21.2 - https:\/\/yoast.com\/wordpress\/plugins\/seo\/ -->\n<title>Llu\u00eds Torn\u00e9 - Digital Manager. Comunicaci\u00f3n Estrat\u00e9gica - lluistorne.com<\/title>\n<meta name=\"description\" content=\"Sobre m\u00ed - Llu\u00eds Torn\u00e9 - Digital Manager. Comunicaci\u00f3n Estrat\u00e9gica y Marketing Digital para proyectar la identidad de la marca.\" \/>\n<meta name=\"robots\" content=\"index, nofollow, max-snippet:-1, max-image-preview:large, max-video-preview:-1\" \/>\n<link rel=\"canonical\" href=\"https:\/\/lluistorne.com\/es\/lluis-torne\/\" \/>\n<meta property=\"og:locale\" content=\"es_ES\" \/>\n<meta property=\"og:type\" content=\"article\" \/>\n<meta property=\"og:title\" content=\"Llu\u00eds Torn\u00e9 - Digital Manager. Comunicaci\u00f3n Estrat\u00e9gica - lluistorne.com\" \/>\n<meta property=\"og:description\" content=\"Sobre m\u00ed - Llu\u00eds Torn\u00e9 - Digital Manager. Comunicaci\u00f3n Estrat\u00e9gica y Marketing Digital para proyectar la identidad de la marca.\" \/>\n<meta property=\"og:url\" content=\"https:\/\/lluistorne.com\/es\/lluis-torne\/\" \/>\n<meta property=\"og:site_name\" content=\"Blog M\u00e0rqueting Digital Llu\u00eds Torn\u00e9\" \/>\n<meta property=\"article:publisher\" content=\"https:\/\/www.facebook.com\/lluis.torne.cortada\" \/>\n<meta property=\"article:modified_time\" content=\"2021-06-07T17:26:37+00:00\" \/>\n<meta name=\"twitter:card\" content=\"summary_large_image\" \/>\n<meta name=\"twitter:site\" content=\"@lluis2014\" \/>\n<meta name=\"twitter:label1\" content=\"Tiempo de lectura\" \/>\n\t<meta name=\"twitter:data1\" content=\"2 minutos\" \/>\n<script type=\"application\/ld+json\" class=\"yoast-schema-graph\">{\"@context\":\"https:\/\/schema.org\",\"@graph\":[{\"@type\":\"WebPage\",\"@id\":\"https:\/\/lluistorne.com\/es\/lluis-torne\/\",\"url\":\"https:\/\/lluistorne.com\/es\/lluis-torne\/\",\"name\":\"Llu\u00eds Torn\u00e9 - Digital Manager. Comunicaci\u00f3n Estrat\u00e9gica - lluistorne.com\",\"isPartOf\":{\"@id\":\"https:\/\/lluistorne.com\/#website\"},\"datePublished\":\"2015-07-08T21:52:45+00:00\",\"dateModified\":\"2021-06-07T17:26:37+00:00\",\"description\":\"Sobre m\u00ed - Llu\u00eds Torn\u00e9 - Digital Manager. Comunicaci\u00f3n Estrat\u00e9gica y Marketing Digital para proyectar la identidad de la marca.\",\"breadcrumb\":{\"@id\":\"https:\/\/lluistorne.com\/es\/lluis-torne\/#breadcrumb\"},\"inLanguage\":\"es\",\"potentialAction\":[{\"@type\":\"ReadAction\",\"target\":[\"https:\/\/lluistorne.com\/es\/lluis-torne\/\"]}]},{\"@type\":\"BreadcrumbList\",\"@id\":\"https:\/\/lluistorne.com\/es\/lluis-torne\/#breadcrumb\",\"itemListElement\":[{\"@type\":\"ListItem\",\"position\":1,\"name\":\"Home\",\"item\":\"https:\/\/lluistorne.com\/es\/\"},{\"@type\":\"ListItem\",\"position\":2,\"name\":\"Sobre m\u00ed\"}]},{\"@type\":\"WebSite\",\"@id\":\"https:\/\/lluistorne.com\/#website\",\"url\":\"https:\/\/lluistorne.com\/\",\"name\":\"Blog M\u00e0rqueting Digital Llu\u00eds Torn\u00e9\",\"description\":\"Marketing online, social media i anal\u00edtica digital per a projectes digitals, community manager, social media manager\u2026 Blog M\u00e0rqueting Digital Llu\u00eds Torn\u00e9\",\"potentialAction\":[{\"@type\":\"SearchAction\",\"target\":{\"@type\":\"EntryPoint\",\"urlTemplate\":\"https:\/\/lluistorne.com\/?s={search_term_string}\"},\"query-input\":\"required name=search_term_string\"}],\"inLanguage\":\"es\"}]}<\/script>\n<!-- \/ Yoast SEO plugin. -->","yoast_head_json":{"title":"Llu\u00eds Torn\u00e9 - Digital Manager. Comunicaci\u00f3n Estrat\u00e9gica - lluistorne.com","description":"Sobre m\u00ed - Llu\u00eds Torn\u00e9 - Digital Manager. Comunicaci\u00f3n Estrat\u00e9gica y Marketing Digital para proyectar la identidad de la marca.","robots":{"index":"index","follow":"nofollow","max-snippet":"max-snippet:-1","max-image-preview":"max-image-preview:large","max-video-preview":"max-video-preview:-1"},"canonical":"https:\/\/lluistorne.com\/es\/lluis-torne\/","og_locale":"es_ES","og_type":"article","og_title":"Llu\u00eds Torn\u00e9 - Digital Manager. Comunicaci\u00f3n Estrat\u00e9gica - lluistorne.com","og_description":"Sobre m\u00ed - Llu\u00eds Torn\u00e9 - Digital Manager. Comunicaci\u00f3n Estrat\u00e9gica y Marketing Digital para proyectar la identidad de la marca.","og_url":"https:\/\/lluistorne.com\/es\/lluis-torne\/","og_site_name":"Blog M\u00e0rqueting Digital Llu\u00eds Torn\u00e9","article_publisher":"https:\/\/www.facebook.com\/lluis.torne.cortada","article_modified_time":"2021-06-07T17:26:37+00:00","twitter_card":"summary_large_image","twitter_site":"@lluis2014","twitter_misc":{"Tiempo de lectura":"2 minutos"},"schema":{"@context":"https:\/\/schema.org","@graph":[{"@type":"WebPage","@id":"https:\/\/lluistorne.com\/es\/lluis-torne\/","url":"https:\/\/lluistorne.com\/es\/lluis-torne\/","name":"Llu\u00eds Torn\u00e9 - Digital Manager. Comunicaci\u00f3n Estrat\u00e9gica - lluistorne.com","isPartOf":{"@id":"https:\/\/lluistorne.com\/#website"},"datePublished":"2015-07-08T21:52:45+00:00","dateModified":"2021-06-07T17:26:37+00:00","description":"Sobre m\u00ed - Llu\u00eds Torn\u00e9 - Digital Manager. Comunicaci\u00f3n Estrat\u00e9gica y Marketing Digital para proyectar la identidad de la marca.","breadcrumb":{"@id":"https:\/\/lluistorne.com\/es\/lluis-torne\/#breadcrumb"},"inLanguage":"es","potentialAction":[{"@type":"ReadAction","target":["https:\/\/lluistorne.com\/es\/lluis-torne\/"]}]},{"@type":"BreadcrumbList","@id":"https:\/\/lluistorne.com\/es\/lluis-torne\/#breadcrumb","itemListElement":[{"@type":"ListItem","position":1,"name":"Home","item":"https:\/\/lluistorne.com\/es\/"},{"@type":"ListItem","position":2,"name":"Sobre m\u00ed"}]},{"@type":"WebSite","@id":"https:\/\/lluistorne.com\/#website","url":"https:\/\/lluistorne.com\/","name":"Blog M\u00e0rqueting Digital Llu\u00eds Torn\u00e9","description":"Marketing online, social media i anal\u00edtica digital per a projectes digitals, community manager, social media manager\u2026 Blog M\u00e0rqueting Digital Llu\u00eds Torn\u00e9","potentialAction":[{"@type":"SearchAction","target":{"@type":"EntryPoint","urlTemplate":"https:\/\/lluistorne.com\/?s={search_term_string}"},"query-input":"required name=search_term_string"}],"inLanguage":"es"}]}},"_links":{"self":[{"href":"https:\/\/lluistorne.com\/es\/wp-json\/wp\/v2\/pages\/4841"}],"collection":[{"href":"https:\/\/lluistorne.com\/es\/wp-json\/wp\/v2\/pages"}],"about":[{"href":"https:\/\/lluistorne.com\/es\/wp-json\/wp\/v2\/types\/page"}],"author":[{"embeddable":true,"href":"https:\/\/lluistorne.com\/es\/wp-json\/wp\/v2\/users\/1"}],"replies":[{"embeddable":true,"href":"https:\/\/lluistorne.com\/es\/wp-json\/wp\/v2\/comments?post=4841"}],"version-history":[{"count":41,"href":"https:\/\/lluistorne.com\/es\/wp-json\/wp\/v2\/pages\/4841\/revisions"}],"predecessor-version":[{"id":6213,"href":"https:\/\/lluistorne.com\/es\/wp-json\/wp\/v2\/pages\/4841\/revisions\/6213"}],"wp:attachment":[{"href":"https:\/\/lluistorne.com\/es\/wp-json\/wp\/v2\/media?parent=4841"}],"curies":[{"name":"wp","href":"https:\/\/api.w.org\/{rel}","templated":true}]}}