{"id":4936,"date":"2015-08-16T10:58:13","date_gmt":"2015-08-16T08:58:13","guid":{"rendered":"http:\/\/lluistorne.cat\/politica-de-cookies\/?lang=es"},"modified":"2025-03-18T09:14:16","modified_gmt":"2025-03-18T08:14:16","slug":"politica-de-cookies","status":"publish","type":"page","link":"https:\/\/lluistorne.com\/es\/politica-de-cookies\/","title":{"rendered":"Pol\u00edtica de cookies"},"content":{"rendered":"<div class=\"fusion-fullwidth fullwidth-box fusion-builder-row-1 fusion-flex-container nonhundred-percent-fullwidth non-hundred-percent-height-scrolling\" style=\"--awb-border-radius-top-left:0px;--awb-border-radius-top-right:0px;--awb-border-radius-bottom-right:0px;--awb-border-radius-bottom-left:0px;--awb-flex-wrap:wrap;\" ><div class=\"fusion-builder-row fusion-row fusion-flex-align-items-flex-start fusion-flex-content-wrap\" style=\"max-width:1144px;margin-left: calc(-4% \/ 2 );margin-right: calc(-4% \/ 2 );\"><div class=\"fusion-layout-column fusion_builder_column fusion-builder-column-0 fusion_builder_column_1_1 1_1 fusion-flex-column\" style=\"--awb-bg-size:cover;--awb-width-large:100%;--awb-margin-top-large:0px;--awb-spacing-right-large:1.92%;--awb-margin-bottom-large:0px;--awb-spacing-left-large:1.92%;--awb-width-medium:100%;--awb-spacing-right-medium:1.92%;--awb-spacing-left-medium:1.92%;--awb-width-small:100%;--awb-spacing-right-small:1.92%;--awb-spacing-left-small:1.92%;\"><div class=\"fusion-column-wrapper fusion-flex-justify-content-flex-start fusion-content-layout-column\"><style>\n    a.cky-banner-element {\n        padding: 8px 30px;\n        background: #F8F9FA;\n        color: #858A8F;\n        border: 1px solid #DEE2E6;\n        box-sizing: border-box;\n        border-radius: 2px;\n        cursor: pointer;\n}\n<\/style>\n<h2 class=\"cookie-policy-h1\">Pol\u00edtica de Cookies<\/h2>\n<p>\n    Fecha de entrada en vigor: 17-Mar-2025 <br>\n    \u00daltima actualizaci\u00f3n: 18-Mar-2025\n<\/p>\n\n\u00a0\n<h3>\u00bfQu\u00e9 son las cookies?<\/h3>\n<div class=\"cookie-policy-p\"><p>Esta Pol\u00edtica de Cookies explica qu\u00e9 son las cookies, c\u00f3mo las utilizamos, los tipos de cookies que usamos, la informaci\u00f3n que recopilamos a trav\u00e9s de ellas y c\u00f3mo se utiliza dicha informaci\u00f3n. Tambi\u00e9n te explicamos c\u00f3mo puedes gestionar la configuraci\u00f3n de las cookies.<\/p> <p>Las cookies son peque\u00f1os archivos de texto que se utilizan para almacenar fragmentos de informaci\u00f3n. Se guardan en tu dispositivo cuando el sitio web se carga en tu navegador. Estas cookies nos ayudan a garantizar el correcto funcionamiento del sitio web, hacerlo m\u00e1s seguro, mejorar la experiencia del usuario y comprender su rendimiento para analizar qu\u00e9 funciona correctamente y qu\u00e9 \u00e1reas necesitan mejoras.<\/p><\/div>\n\n\u00a0\n<h3>\u00bfC\u00f3mo utilizamos las cookies?<\/h3>\n<div class=\"cookie-policy-p\"><p>Como la mayor\u00eda de los servicios en l\u00ednea, nuestro sitio web utiliza cookies propias y de terceros para varios prop\u00f3sitos. Las cookies propias son necesarias principalmente para el correcto funcionamiento del sitio web y no recopilan datos personales identificables.<\/p> <p>Las cookies de terceros utilizadas en nuestro sitio web sirven principalmente para comprender c\u00f3mo funciona el sitio, c\u00f3mo interact\u00faas con \u00e9l, garantizar la seguridad de nuestros servicios, mostrar anuncios relevantes y, en general, ofrecerte una experiencia de usuario mejorada, ayudando adem\u00e1s a acelerar tus futuras interacciones con nuestro sitio web.<\/p><\/div>\n\n\u00a0\n<h3>Tipos de cookies que utilizamos<\/h3>\n\n<div class=\"cky-audit-table-element\"><\/div>\n\n\u00a0\n<h3 style=\"margin-bottom:20px;\">Gestionar preferencias de cookies<\/h3>\n\n<a class=\"cky-banner-element\">Configuraci\u00f3n de cookies<\/a> <br\/>\n\n<div><p>Puedes cambiar tus preferencias de cookies en cualquier momento haciendo clic en el bot\u00f3n anterior. Esto te permitir\u00e1 volver a mostrar el banner de consentimiento de cookies y modificar tus preferencias o retirar inmediatamente tu consentimiento.<\/p> <p>Adem\u00e1s, los diferentes navegadores ofrecen distintos m\u00e9todos para bloquear y eliminar cookies utilizadas por los sitios web. Puedes cambiar la configuraci\u00f3n de tu navegador para bloquear o eliminar las cookies. A continuaci\u00f3n tienes enlaces a la documentaci\u00f3n de soporte sobre c\u00f3mo gestionar y eliminar cookies en los principales navegadores web:<\/p> <p>Chrome: <a href=\"https:\/\/support.google.com\/accounts\/answer\/32050\" target=\"_blank\">https:\/\/support.google.com\/accounts\/answer\/32050<\/a><\/p><p>Safari: <a href=\"https:\/\/support.apple.com\/en-in\/guide\/safari\/sfri11471\/mac\" target=\"_blank\">https:\/\/support.apple.com\/en-in\/guide\/safari\/sfri11471\/mac<\/a><\/p><p>Firefox: <a href=\"https:\/\/support.mozilla.org\/en-US\/kb\/clear-cookies-and-site-data-firefox?redirectslug=delete-cookies-remove-info-websites-stored&redirectlocale=en-US\" target=\"_blank\">https:\/\/support.mozilla.org\/en-US\/kb\/clear-cookies-and-site-data-firefox?redirectslug=delete-cookies-remove-info-websites-stored&redirectlocale=en-US<\/a><\/p><p>Internet Explorer: <a href=\"https:\/\/support.microsoft.com\/en-us\/topic\/how-to-delete-cookie-files-in-internet-explorer-bca9446f-d873-78de-77ba-d42645fa52fc\" target=\"_blank\">https:\/\/support.microsoft.com\/en-us\/topic\/how-to-delete-cookie-files-in-internet-explorer-bca9446f-d873-78de-77ba-d42645fa52fc<\/a><\/p><p>Si utilizas otro navegador web, consulta la documentaci\u00f3n oficial de soporte de tu navegador.<\/p><\/div>\n\n\n\u00a0\n<p class=\"cookie-policy-p\">\n    Pol\u00edtica de cookies generada por <a target=\"_blank\" href=\"https:\/\/www.cookieyes.com\/?utm_source=CP&utm_medium=footer&utm_campaign=UW\">CookieYes - Generador de Pol\u00edtica de Cookies<\/a>.\n<\/p>\n<\/div><\/div><\/div><\/div>\n","protected":false},"excerpt":{"rendered":"","protected":false},"author":1,"featured_media":0,"parent":0,"menu_order":0,"comment_status":"closed","ping_status":"closed","template":"","meta":{"_monsterinsights_skip_tracking":false,"_monsterinsights_sitenote_active":false,"_monsterinsights_sitenote_note":"","_monsterinsights_sitenote_category":0,"footnotes":""},"yoast_head":"<!-- This site is optimized with the Yoast SEO plugin v21.2 - https:\/\/yoast.com\/wordpress\/plugins\/seo\/ -->\n<title>Pol\u00edtica de cookies - Blog Marketing Digital Llu\u00eds Torn\u00e9<\/title>\n<meta name=\"description\" content=\"Pol\u00edtica de cookies - Blog Marketing Digital Llu\u00eds Torn\u00e9\" \/>\n<meta name=\"robots\" content=\"noindex, nofollow\" \/>\n<meta property=\"og:locale\" content=\"es_ES\" \/>\n<meta property=\"og:type\" content=\"article\" \/>\n<meta property=\"og:title\" content=\"Pol\u00edtica de cookies - Blog Marketing Digital Llu\u00eds Torn\u00e9\" \/>\n<meta property=\"og:description\" content=\"Pol\u00edtica de cookies - Blog Marketing Digital Llu\u00eds Torn\u00e9\" \/>\n<meta property=\"og:url\" content=\"https:\/\/lluistorne.com\/es\/politica-de-cookies\/\" \/>\n<meta property=\"og:site_name\" content=\"Blog M\u00e0rqueting Digital Llu\u00eds Torn\u00e9\" \/>\n<meta property=\"article:publisher\" content=\"https:\/\/www.facebook.com\/lluis.torne.cortada\" \/>\n<meta property=\"article:modified_time\" content=\"2025-03-18T08:14:16+00:00\" \/>\n<meta name=\"twitter:card\" content=\"summary_large_image\" \/>\n<meta name=\"twitter:site\" content=\"@lluis2014\" \/>\n<meta name=\"twitter:label1\" content=\"Tiempo de lectura\" \/>\n\t<meta name=\"twitter:data1\" content=\"1 minuto\" \/>\n<script type=\"application\/ld+json\" class=\"yoast-schema-graph\">{\"@context\":\"https:\/\/schema.org\",\"@graph\":[{\"@type\":\"WebPage\",\"@id\":\"https:\/\/lluistorne.com\/es\/politica-de-cookies\/\",\"url\":\"https:\/\/lluistorne.com\/es\/politica-de-cookies\/\",\"name\":\"Pol\u00edtica de cookies - Blog Marketing Digital Llu\u00eds Torn\u00e9\",\"isPartOf\":{\"@id\":\"https:\/\/lluistorne.com\/#website\"},\"datePublished\":\"2015-08-16T08:58:13+00:00\",\"dateModified\":\"2025-03-18T08:14:16+00:00\",\"description\":\"Pol\u00edtica de cookies - Blog Marketing Digital Llu\u00eds Torn\u00e9\",\"breadcrumb\":{\"@id\":\"https:\/\/lluistorne.com\/es\/politica-de-cookies\/#breadcrumb\"},\"inLanguage\":\"es\",\"potentialAction\":[{\"@type\":\"ReadAction\",\"target\":[\"https:\/\/lluistorne.com\/es\/politica-de-cookies\/\"]}]},{\"@type\":\"BreadcrumbList\",\"@id\":\"https:\/\/lluistorne.com\/es\/politica-de-cookies\/#breadcrumb\",\"itemListElement\":[{\"@type\":\"ListItem\",\"position\":1,\"name\":\"Home\",\"item\":\"https:\/\/lluistorne.com\/es\/\"},{\"@type\":\"ListItem\",\"position\":2,\"name\":\"Pol\u00edtica de cookies\"}]},{\"@type\":\"WebSite\",\"@id\":\"https:\/\/lluistorne.com\/#website\",\"url\":\"https:\/\/lluistorne.com\/\",\"name\":\"Blog M\u00e0rqueting Digital Llu\u00eds Torn\u00e9\",\"description\":\"Marketing online, social media i anal\u00edtica digital per a projectes digitals, community manager, social media manager\u2026 Blog M\u00e0rqueting Digital Llu\u00eds Torn\u00e9\",\"potentialAction\":[{\"@type\":\"SearchAction\",\"target\":{\"@type\":\"EntryPoint\",\"urlTemplate\":\"https:\/\/lluistorne.com\/?s={search_term_string}\"},\"query-input\":\"required name=search_term_string\"}],\"inLanguage\":\"es\"}]}<\/script>\n<!-- \/ Yoast SEO plugin. -->","yoast_head_json":{"title":"Pol\u00edtica de cookies - Blog Marketing Digital Llu\u00eds Torn\u00e9","description":"Pol\u00edtica de cookies - Blog Marketing Digital Llu\u00eds Torn\u00e9","robots":{"index":"noindex","follow":"nofollow"},"og_locale":"es_ES","og_type":"article","og_title":"Pol\u00edtica de cookies - Blog Marketing Digital Llu\u00eds Torn\u00e9","og_description":"Pol\u00edtica de cookies - Blog Marketing Digital Llu\u00eds Torn\u00e9","og_url":"https:\/\/lluistorne.com\/es\/politica-de-cookies\/","og_site_name":"Blog M\u00e0rqueting Digital Llu\u00eds Torn\u00e9","article_publisher":"https:\/\/www.facebook.com\/lluis.torne.cortada","article_modified_time":"2025-03-18T08:14:16+00:00","twitter_card":"summary_large_image","twitter_site":"@lluis2014","twitter_misc":{"Tiempo de lectura":"1 minuto"},"schema":{"@context":"https:\/\/schema.org","@graph":[{"@type":"WebPage","@id":"https:\/\/lluistorne.com\/es\/politica-de-cookies\/","url":"https:\/\/lluistorne.com\/es\/politica-de-cookies\/","name":"Pol\u00edtica de cookies - Blog Marketing Digital Llu\u00eds Torn\u00e9","isPartOf":{"@id":"https:\/\/lluistorne.com\/#website"},"datePublished":"2015-08-16T08:58:13+00:00","dateModified":"2025-03-18T08:14:16+00:00","description":"Pol\u00edtica de cookies - Blog Marketing Digital Llu\u00eds Torn\u00e9","breadcrumb":{"@id":"https:\/\/lluistorne.com\/es\/politica-de-cookies\/#breadcrumb"},"inLanguage":"es","potentialAction":[{"@type":"ReadAction","target":["https:\/\/lluistorne.com\/es\/politica-de-cookies\/"]}]},{"@type":"BreadcrumbList","@id":"https:\/\/lluistorne.com\/es\/politica-de-cookies\/#breadcrumb","itemListElement":[{"@type":"ListItem","position":1,"name":"Home","item":"https:\/\/lluistorne.com\/es\/"},{"@type":"ListItem","position":2,"name":"Pol\u00edtica de cookies"}]},{"@type":"WebSite","@id":"https:\/\/lluistorne.com\/#website","url":"https:\/\/lluistorne.com\/","name":"Blog M\u00e0rqueting Digital Llu\u00eds Torn\u00e9","description":"Marketing online, social media i anal\u00edtica digital per a projectes digitals, community manager, social media manager\u2026 Blog M\u00e0rqueting Digital Llu\u00eds Torn\u00e9","potentialAction":[{"@type":"SearchAction","target":{"@type":"EntryPoint","urlTemplate":"https:\/\/lluistorne.com\/?s={search_term_string}"},"query-input":"required name=search_term_string"}],"inLanguage":"es"}]}},"_links":{"self":[{"href":"https:\/\/lluistorne.com\/es\/wp-json\/wp\/v2\/pages\/4936"}],"collection":[{"href":"https:\/\/lluistorne.com\/es\/wp-json\/wp\/v2\/pages"}],"about":[{"href":"https:\/\/lluistorne.com\/es\/wp-json\/wp\/v2\/types\/page"}],"author":[{"embeddable":true,"href":"https:\/\/lluistorne.com\/es\/wp-json\/wp\/v2\/users\/1"}],"replies":[{"embeddable":true,"href":"https:\/\/lluistorne.com\/es\/wp-json\/wp\/v2\/comments?post=4936"}],"version-history":[{"count":22,"href":"https:\/\/lluistorne.com\/es\/wp-json\/wp\/v2\/pages\/4936\/revisions"}],"predecessor-version":[{"id":6284,"href":"https:\/\/lluistorne.com\/es\/wp-json\/wp\/v2\/pages\/4936\/revisions\/6284"}],"wp:attachment":[{"href":"https:\/\/lluistorne.com\/es\/wp-json\/wp\/v2\/media?parent=4936"}],"curies":[{"name":"wp","href":"https:\/\/api.w.org\/{rel}","templated":true}]}}