{"id":4944,"date":"2015-08-21T18:51:12","date_gmt":"2015-08-21T16:51:12","guid":{"rendered":"http:\/\/lluistorne.cat\/avisos-legals\/?lang=es"},"modified":"2025-03-18T12:46:03","modified_gmt":"2025-03-18T11:46:03","slug":"avisos-legales","status":"publish","type":"page","link":"https:\/\/lluistorne.com\/es\/avisos-legales\/","title":{"rendered":"Avisos legales"},"content":{"rendered":"<div class=\"fusion-fullwidth fullwidth-box fusion-builder-row-1 fusion-flex-container nonhundred-percent-fullwidth non-hundred-percent-height-scrolling\" style=\"--awb-border-radius-top-left:0px;--awb-border-radius-top-right:0px;--awb-border-radius-bottom-right:0px;--awb-border-radius-bottom-left:0px;--awb-flex-wrap:wrap;\" ><div class=\"fusion-builder-row fusion-row fusion-flex-align-items-flex-start fusion-flex-content-wrap\" style=\"max-width:1144px;margin-left: calc(-4% \/ 2 );margin-right: calc(-4% \/ 2 );\"><div class=\"fusion-layout-column fusion_builder_column fusion-builder-column-0 fusion_builder_column_1_1 1_1 fusion-flex-column\" style=\"--awb-bg-size:cover;--awb-width-large:100%;--awb-margin-top-large:0px;--awb-spacing-right-large:1.92%;--awb-margin-bottom-large:0px;--awb-spacing-left-large:1.92%;--awb-width-medium:100%;--awb-spacing-right-medium:1.92%;--awb-spacing-left-medium:1.92%;--awb-width-small:100%;--awb-spacing-right-small:1.92%;--awb-spacing-left-small:1.92%;\"><div class=\"fusion-column-wrapper fusion-flex-justify-content-flex-start fusion-content-layout-column\"><h2>Avisos Legales<\/h2>\n\n<p><strong>\u00daltima actualizaci\u00f3n:<\/strong> 18 de marzo de 2025<\/p>\n\n<h3>Informaci\u00f3n general del sitio web<\/h3>\n<p>En cumplimiento del deber de informaci\u00f3n establecido en el art\u00edculo 10 de la Ley 34\/2002, de 11 de julio, de Servicios de la Sociedad de la Informaci\u00f3n y Comercio Electr\u00f3nico (LSSICE), se informa que el titular del sitio web lluistorne.com es Llu\u00eds Torn\u00e9 Cortada (en adelante, \"el titular\"), con domicilio en Duran i Bas, 3, 25230 Mollerussa (Lleida), y NIF 78078910M. Correo electr\u00f3nico de contacto: <a href=\"mailto:info@lluistorne.com\">info@lluistorne.com<\/a>.<\/p>\n\n<h3>Condiciones generales de uso<\/h3>\n<p>El acceso y uso del sitio web implica la aceptaci\u00f3n plena y sin reservas de estos Avisos Legales. El contenido del sitio web tiene \u00fanicamente fines informativos, sin establecer relaci\u00f3n comercial o contractual entre el usuario y el titular.<\/p>\n\n<p>El titular se reserva el derecho de modificar el contenido del sitio web sin previo aviso.<\/p>\n\n<h3>Responsabilidad del contenido y enlaces<\/h3>\n<p>El titular no ser\u00e1 responsable de errores, omisiones o cualquier uso indebido del contenido del sitio web ni de los contenidos generados por terceros (comentarios o publicaciones de usuarios). No obstante, el titular retirar\u00e1 inmediatamente cualquier contenido que vulnere la legislaci\u00f3n vigente o los derechos de terceros en cuanto tenga conocimiento.<\/p>\n\n<p>El sitio web puede contener enlaces a otros sitios web externos. El titular no tiene control ni responsabilidad alguna sobre estos sitios externos.<\/p>\n\n<h3>Direcciones IP y estad\u00edsticas<\/h3>\n<p>Los servidores del sitio web pueden detectar autom\u00e1ticamente la direcci\u00f3n IP utilizada por el usuario, registrada exclusivamente con fines estad\u00edsticos y para mejorar la navegaci\u00f3n en el sitio web.<\/p>\n\n<h3>Propiedad intelectual e industrial<\/h3>\n<p>Todos los contenidos (textos, im\u00e1genes, logotipos, dise\u00f1o y c\u00f3digo fuente) son propiedad intelectual del titular o de terceros que han autorizado su uso. Queda prohibida su reproducci\u00f3n sin autorizaci\u00f3n expresa.<\/p>\n\n<h3>Certificado SSL (Conexi\u00f3n segura)<\/h3>\n<p>Este sitio web dispone de un certificado SSL (Secure Sockets Layer) que garantiza la seguridad y confidencialidad de los datos transmitidos entre el servidor web y el navegador del usuario.<\/p>\n\n<h3>Protecci\u00f3n de datos personales<\/h3>\n<p>El tratamiento de los datos personales facilitados se realiza conforme a la Pol\u00edtica de Privacidad del sitio web, que recomendamos consultar.<\/p>\n\n<h3>Pol\u00edtica de cookies<\/h3>\n<p>Este sitio web utiliza cookies propias y de terceros, seg\u00fan se detalla en nuestra Pol\u00edtica de Cookies.<\/p>\n\n<h3>Legislaci\u00f3n aplicable y jurisdicci\u00f3n<\/h3>\n<p>Estos Avisos Legales se rigen por la legislaci\u00f3n espa\u00f1ola y europea vigente. Cualquier controversia derivada de su uso se someter\u00e1 a los juzgados y tribunales competentes seg\u00fan la legislaci\u00f3n aplicable.<\/p>\n<\/div><\/div><\/div><\/div>\n","protected":false},"excerpt":{"rendered":"","protected":false},"author":1,"featured_media":0,"parent":0,"menu_order":0,"comment_status":"closed","ping_status":"closed","template":"","meta":{"_monsterinsights_skip_tracking":false,"_monsterinsights_sitenote_active":false,"_monsterinsights_sitenote_note":"","_monsterinsights_sitenote_category":0,"footnotes":""},"yoast_head":"<!-- This site is optimized with the Yoast SEO plugin v21.2 - https:\/\/yoast.com\/wordpress\/plugins\/seo\/ -->\n<title>Avisos legales - Blog Marketing Digital Llu\u00eds Torn\u00e9<\/title>\n<meta name=\"description\" content=\"Avisos legales - Blog Marketing Digital Llu\u00eds Torn\u00e9\" \/>\n<meta name=\"robots\" content=\"noindex, nofollow\" \/>\n<meta property=\"og:locale\" content=\"es_ES\" \/>\n<meta property=\"og:type\" content=\"article\" \/>\n<meta property=\"og:title\" content=\"Avisos legales - Blog Marketing Digital Llu\u00eds Torn\u00e9\" \/>\n<meta property=\"og:description\" content=\"Avisos legales - Blog Marketing Digital Llu\u00eds Torn\u00e9\" \/>\n<meta property=\"og:url\" content=\"https:\/\/lluistorne.com\/es\/avisos-legales\/\" \/>\n<meta property=\"og:site_name\" content=\"Blog M\u00e0rqueting Digital Llu\u00eds Torn\u00e9\" \/>\n<meta property=\"article:publisher\" content=\"https:\/\/www.facebook.com\/lluis.torne.cortada\" \/>\n<meta property=\"article:modified_time\" content=\"2025-03-18T11:46:03+00:00\" \/>\n<meta name=\"twitter:card\" content=\"summary_large_image\" \/>\n<meta name=\"twitter:site\" content=\"@lluis2014\" \/>\n<meta name=\"twitter:label1\" content=\"Tiempo de lectura\" \/>\n\t<meta name=\"twitter:data1\" content=\"8 minutos\" \/>\n<script type=\"application\/ld+json\" class=\"yoast-schema-graph\">{\"@context\":\"https:\/\/schema.org\",\"@graph\":[{\"@type\":\"WebPage\",\"@id\":\"https:\/\/lluistorne.com\/es\/avisos-legales\/\",\"url\":\"https:\/\/lluistorne.com\/es\/avisos-legales\/\",\"name\":\"Avisos legales - Blog Marketing Digital Llu\u00eds Torn\u00e9\",\"isPartOf\":{\"@id\":\"https:\/\/lluistorne.com\/#website\"},\"datePublished\":\"2015-08-21T16:51:12+00:00\",\"dateModified\":\"2025-03-18T11:46:03+00:00\",\"description\":\"Avisos legales - Blog Marketing Digital Llu\u00eds Torn\u00e9\",\"breadcrumb\":{\"@id\":\"https:\/\/lluistorne.com\/es\/avisos-legales\/#breadcrumb\"},\"inLanguage\":\"es\",\"potentialAction\":[{\"@type\":\"ReadAction\",\"target\":[\"https:\/\/lluistorne.com\/es\/avisos-legales\/\"]}]},{\"@type\":\"BreadcrumbList\",\"@id\":\"https:\/\/lluistorne.com\/es\/avisos-legales\/#breadcrumb\",\"itemListElement\":[{\"@type\":\"ListItem\",\"position\":1,\"name\":\"Home\",\"item\":\"https:\/\/lluistorne.com\/es\/\"},{\"@type\":\"ListItem\",\"position\":2,\"name\":\"Avisos legales\"}]},{\"@type\":\"WebSite\",\"@id\":\"https:\/\/lluistorne.com\/#website\",\"url\":\"https:\/\/lluistorne.com\/\",\"name\":\"Blog M\u00e0rqueting Digital Llu\u00eds Torn\u00e9\",\"description\":\"Marketing online, social media i anal\u00edtica digital per a projectes digitals, community manager, social media manager\u2026 Blog M\u00e0rqueting Digital Llu\u00eds Torn\u00e9\",\"potentialAction\":[{\"@type\":\"SearchAction\",\"target\":{\"@type\":\"EntryPoint\",\"urlTemplate\":\"https:\/\/lluistorne.com\/?s={search_term_string}\"},\"query-input\":\"required name=search_term_string\"}],\"inLanguage\":\"es\"}]}<\/script>\n<!-- \/ Yoast SEO plugin. -->","yoast_head_json":{"title":"Avisos legales - Blog Marketing Digital Llu\u00eds Torn\u00e9","description":"Avisos legales - Blog Marketing Digital Llu\u00eds Torn\u00e9","robots":{"index":"noindex","follow":"nofollow"},"og_locale":"es_ES","og_type":"article","og_title":"Avisos legales - Blog Marketing Digital Llu\u00eds Torn\u00e9","og_description":"Avisos legales - Blog Marketing Digital Llu\u00eds Torn\u00e9","og_url":"https:\/\/lluistorne.com\/es\/avisos-legales\/","og_site_name":"Blog M\u00e0rqueting Digital Llu\u00eds Torn\u00e9","article_publisher":"https:\/\/www.facebook.com\/lluis.torne.cortada","article_modified_time":"2025-03-18T11:46:03+00:00","twitter_card":"summary_large_image","twitter_site":"@lluis2014","twitter_misc":{"Tiempo de lectura":"8 minutos"},"schema":{"@context":"https:\/\/schema.org","@graph":[{"@type":"WebPage","@id":"https:\/\/lluistorne.com\/es\/avisos-legales\/","url":"https:\/\/lluistorne.com\/es\/avisos-legales\/","name":"Avisos legales - Blog Marketing Digital Llu\u00eds Torn\u00e9","isPartOf":{"@id":"https:\/\/lluistorne.com\/#website"},"datePublished":"2015-08-21T16:51:12+00:00","dateModified":"2025-03-18T11:46:03+00:00","description":"Avisos legales - Blog Marketing Digital Llu\u00eds Torn\u00e9","breadcrumb":{"@id":"https:\/\/lluistorne.com\/es\/avisos-legales\/#breadcrumb"},"inLanguage":"es","potentialAction":[{"@type":"ReadAction","target":["https:\/\/lluistorne.com\/es\/avisos-legales\/"]}]},{"@type":"BreadcrumbList","@id":"https:\/\/lluistorne.com\/es\/avisos-legales\/#breadcrumb","itemListElement":[{"@type":"ListItem","position":1,"name":"Home","item":"https:\/\/lluistorne.com\/es\/"},{"@type":"ListItem","position":2,"name":"Avisos legales"}]},{"@type":"WebSite","@id":"https:\/\/lluistorne.com\/#website","url":"https:\/\/lluistorne.com\/","name":"Blog M\u00e0rqueting Digital Llu\u00eds Torn\u00e9","description":"Marketing online, social media i anal\u00edtica digital per a projectes digitals, community manager, social media manager\u2026 Blog M\u00e0rqueting Digital Llu\u00eds Torn\u00e9","potentialAction":[{"@type":"SearchAction","target":{"@type":"EntryPoint","urlTemplate":"https:\/\/lluistorne.com\/?s={search_term_string}"},"query-input":"required name=search_term_string"}],"inLanguage":"es"}]}},"_links":{"self":[{"href":"https:\/\/lluistorne.com\/es\/wp-json\/wp\/v2\/pages\/4944"}],"collection":[{"href":"https:\/\/lluistorne.com\/es\/wp-json\/wp\/v2\/pages"}],"about":[{"href":"https:\/\/lluistorne.com\/es\/wp-json\/wp\/v2\/types\/page"}],"author":[{"embeddable":true,"href":"https:\/\/lluistorne.com\/es\/wp-json\/wp\/v2\/users\/1"}],"replies":[{"embeddable":true,"href":"https:\/\/lluistorne.com\/es\/wp-json\/wp\/v2\/comments?post=4944"}],"version-history":[{"count":11,"href":"https:\/\/lluistorne.com\/es\/wp-json\/wp\/v2\/pages\/4944\/revisions"}],"predecessor-version":[{"id":6298,"href":"https:\/\/lluistorne.com\/es\/wp-json\/wp\/v2\/pages\/4944\/revisions\/6298"}],"wp:attachment":[{"href":"https:\/\/lluistorne.com\/es\/wp-json\/wp\/v2\/media?parent=4944"}],"curies":[{"name":"wp","href":"https:\/\/api.w.org\/{rel}","templated":true}]}}