{"id":6022,"date":"2019-04-23T08:00:47","date_gmt":"2019-04-23T06:00:47","guid":{"rendered":"https:\/\/lluistorne.com\/es\/politica-de-privacitat\/"},"modified":"2025-03-18T15:13:49","modified_gmt":"2025-03-18T14:13:49","slug":"politica-de-privacidad","status":"publish","type":"page","link":"https:\/\/lluistorne.com\/es\/politica-de-privacidad\/","title":{"rendered":"Pol\u00edtica de Privacidad"},"content":{"rendered":"<div class=\"fusion-fullwidth fullwidth-box fusion-builder-row-1 fusion-flex-container nonhundred-percent-fullwidth non-hundred-percent-height-scrolling\" style=\"--awb-border-radius-top-left:0px;--awb-border-radius-top-right:0px;--awb-border-radius-bottom-right:0px;--awb-border-radius-bottom-left:0px;--awb-flex-wrap:wrap;\" ><div class=\"fusion-builder-row fusion-row fusion-flex-align-items-flex-start fusion-flex-content-wrap\" style=\"max-width:1144px;margin-left: calc(-4% \/ 2 );margin-right: calc(-4% \/ 2 );\"><div class=\"fusion-layout-column fusion_builder_column fusion-builder-column-0 fusion_builder_column_1_1 1_1 fusion-flex-column\" style=\"--awb-bg-size:cover;--awb-width-large:100%;--awb-margin-top-large:0px;--awb-spacing-right-large:1.92%;--awb-margin-bottom-large:0px;--awb-spacing-left-large:1.92%;--awb-width-medium:100%;--awb-spacing-right-medium:1.92%;--awb-spacing-left-medium:1.92%;--awb-width-small:100%;--awb-spacing-right-small:1.92%;--awb-spacing-left-small:1.92%;\"><div class=\"fusion-column-wrapper fusion-flex-justify-content-flex-start fusion-content-layout-column\"><h2>Pol\u00edtica de privacidad<\/h2>\n\n<p><strong>\u00daltima actualizaci\u00f3n:<\/strong> 18 de marzo de 2025<br>\n<strong>Entrada en vigor:<\/strong> 18 de marzo de 2025<\/p>\n\n<h3>Responsable del tratamiento<\/h3>\n<p>Llu\u00eds Torn\u00e9 Cortada<br>\nDuran i Bas, 3, 25230 Mollerussa (Lleida)<br>\nCorreo electr\u00f3nico: <a href=\"mailto:info@lluistorne.com\">info@lluistorne.com<\/a><\/p>\n\n<p>Llu\u00eds Torn\u00e9 informa a los usuarios del sitio web sobre su pol\u00edtica respecto al tratamiento y protecci\u00f3n de los datos personales de los usuarios y clientes, garantizando en todo momento el cumplimiento \u00edntegro de las obligaciones dispuestas en la normativa vigente:<\/p>\n<ul>\n<li>Reglamento (UE) 2016\/679 del Parlamento Europeo y del Consejo (RGPD).<\/li>\n<li>Ley Org\u00e1nica 3\/2018 de Protecci\u00f3n de Datos Personales y Garant\u00eda de los Derechos Digitales (LOPDGDD).<\/li>\n<li>Ley 34\/2002 de Servicios de la Sociedad de la Informaci\u00f3n y Comercio Electr\u00f3nico (LSSICE).<\/li>\n<\/ul>\n\n<h3>Naturaleza del sitio web<\/h3>\n<p>Este sitio web no tiene fines comerciales y se gestiona voluntariamente para compartir contenido sobre marketing digital.<\/p>\n\n<h3>Procedencia de los datos<\/h3>\n<p>Los datos personales tratados son proporcionados directamente por el propio usuario de manera voluntaria mediante formularios del sitio web.<\/p>\n\n<h3>Finalidad del tratamiento<\/h3>\n<ul>\n<li>Gesti\u00f3n administrativa y operativa del sitio web.<\/li>\n<li>Protecci\u00f3n y seguridad del sitio web.<\/li>\n<li>Marketing y publicidad dirigida.<\/li>\n<li>Recogida de opiniones y comentarios.<\/li>\n<\/ul>\n\n<h3>Legitimaci\u00f3n<\/h3>\n<p>El consentimiento expl\u00edcito facilitado al aceptar esta pol\u00edtica y nuestro inter\u00e9s leg\u00edtimo para asegurar la seguridad del sitio web y cumplir obligaciones legales aplicables.<\/p>\n\n<h3>Destinatarios de los datos<\/h3>\n<p>Podemos compartir tus datos con proveedores relacionados con:<\/p>\n<ul>\n<li>Publicidad y marketing online.<\/li>\n<li>Anal\u00edtica web (Google Analytics).<\/li>\n<li>Servicios tecnol\u00f3gicos y gesti\u00f3n de datos.<\/li>\n<\/ul>\n<p>No compartiremos tus datos personales con terceros salvo obligaci\u00f3n legal o requerimiento judicial.<\/p>\n\n<h3>Conservaci\u00f3n de los datos<\/h3>\n<p>Conservaremos los datos \u00fanicamente durante el tiempo necesario para cumplir con las finalidades mencionadas y seg\u00fan la legislaci\u00f3n vigente. Sobre cookies, consulta nuestra <a href=\"https:\/\/lluistorne.com\/es\/politica-de-cookies\/\">Pol\u00edtica de Cookies<\/a>.<\/p>\n\n<h3>Derechos del usuario<\/h3>\n<p>Puedes ejercer tus derechos de acceso, rectificaci\u00f3n, supresi\u00f3n, oposici\u00f3n, limitaci\u00f3n al tratamiento y portabilidad enviando un correo electr\u00f3nico a <a href=\"mailto:info@lluistorne.com\">info@lluistorne.com<\/a>, adjuntando copia del DNI o equivalente.<\/p>\n<p>Si no est\u00e1s conforme con nuestra respuesta, puedes reclamar ante la <a href=\"https:\/\/apdcat.cat\">Autoritat Catalana de Protecci\u00f3 de Dades (APDCAT)<\/a> o ante la <a href=\"https:\/\/www.aepd.es\">Agencia Espa\u00f1ola de Protecci\u00f3n de Datos (AEPD)<\/a>, seg\u00fan corresponda a tu territorio.<\/p>\n\n<h3>Brechas de seguridad<\/h3>\n<p>En caso de brecha de seguridad, te informaremos a ti y a las autoridades competentes en un plazo m\u00e1ximo de 72 horas.<\/p>\n\n<h3>Seguridad<\/h3>\n<p>Aplicamos medidas adecuadas para proteger tus datos personales, aunque ninguna transmisi\u00f3n por internet es completamente segura.<\/p>\n\n<h3>Menores de edad<\/h3>\n<p>Los menores de 18 a\u00f1os no deben facilitar datos personales sin consentimiento de padres o tutores.<\/p>\n\n<h3>Enlaces a sitios web externos<\/h3>\n<p>No somos responsables del contenido ni las pol\u00edticas de privacidad de sitios externos enlazados. Te recomendamos revisarlas directamente.<\/p>\n\n<h3>Legislaci\u00f3n aplicable y jurisdicci\u00f3n<\/h3>\n<p>La relaci\u00f3n entre el usuario y el responsable del sitio web se regir\u00e1 por la normativa vigente aplicable en el territorio espa\u00f1ol. En caso de cualquier controversia relacionada con la interpretaci\u00f3n o aplicaci\u00f3n de esta pol\u00edtica, las partes se someter\u00e1n a la jurisdicci\u00f3n ordinaria de los juzgados y tribunales que correspondan seg\u00fan derecho.<\/p>\n\n<h3>Cambios en la pol\u00edtica de privacidad<\/h3>\n<p>La versi\u00f3n vigente estar\u00e1 siempre publicada aqu\u00ed indicando la fecha de \u00faltima actualizaci\u00f3n.<\/p>\n\n<h3>Contacto<\/h3>\n<p>Para consultas sobre esta pol\u00edtica o sobre el tratamiento de datos personales, contacta mediante el correo electr\u00f3nico indicado al inicio de esta p\u00e1gina.<\/p><\/div><\/div><\/div><\/div>\n","protected":false},"excerpt":{"rendered":"","protected":false},"author":1,"featured_media":0,"parent":0,"menu_order":0,"comment_status":"closed","ping_status":"closed","template":"","meta":{"_monsterinsights_skip_tracking":false,"_monsterinsights_sitenote_active":false,"_monsterinsights_sitenote_note":"","_monsterinsights_sitenote_category":0,"footnotes":""},"yoast_head":"<!-- This site is optimized with the Yoast SEO plugin v21.2 - https:\/\/yoast.com\/wordpress\/plugins\/seo\/ -->\n<title>Pol\u00edtica de Privacidad - Blog M\u00e0rqueting Digital Llu\u00eds Torn\u00e9<\/title>\n<meta name=\"description\" content=\"Pol\u00edtica de Privacidad - Blog Marketing Digital Llu\u00eds Torn\u00e9\" \/>\n<meta name=\"robots\" content=\"noindex, nofollow\" \/>\n<meta property=\"og:locale\" content=\"es_ES\" \/>\n<meta property=\"og:type\" content=\"article\" \/>\n<meta property=\"og:title\" content=\"Pol\u00edtica de Privacidad - Blog M\u00e0rqueting Digital Llu\u00eds Torn\u00e9\" \/>\n<meta property=\"og:description\" content=\"Pol\u00edtica de Privacidad - Blog Marketing Digital Llu\u00eds Torn\u00e9\" \/>\n<meta property=\"og:url\" content=\"https:\/\/lluistorne.com\/es\/politica-de-privacidad\/\" \/>\n<meta property=\"og:site_name\" content=\"Blog M\u00e0rqueting Digital Llu\u00eds Torn\u00e9\" \/>\n<meta property=\"article:publisher\" content=\"https:\/\/www.facebook.com\/lluis.torne.cortada\" \/>\n<meta property=\"article:modified_time\" content=\"2025-03-18T14:13:49+00:00\" \/>\n<meta name=\"twitter:card\" content=\"summary_large_image\" \/>\n<meta name=\"twitter:site\" content=\"@lluis2014\" \/>\n<meta name=\"twitter:label1\" content=\"Tiempo de lectura\" \/>\n\t<meta name=\"twitter:data1\" content=\"1 minuto\" \/>\n<script type=\"application\/ld+json\" class=\"yoast-schema-graph\">{\"@context\":\"https:\/\/schema.org\",\"@graph\":[{\"@type\":\"WebPage\",\"@id\":\"https:\/\/lluistorne.com\/es\/politica-de-privacidad\/\",\"url\":\"https:\/\/lluistorne.com\/es\/politica-de-privacidad\/\",\"name\":\"Pol\u00edtica de Privacidad - Blog M\u00e0rqueting Digital Llu\u00eds Torn\u00e9\",\"isPartOf\":{\"@id\":\"https:\/\/lluistorne.com\/#website\"},\"datePublished\":\"2019-04-23T06:00:47+00:00\",\"dateModified\":\"2025-03-18T14:13:49+00:00\",\"description\":\"Pol\u00edtica de Privacidad - Blog Marketing Digital Llu\u00eds Torn\u00e9\",\"breadcrumb\":{\"@id\":\"https:\/\/lluistorne.com\/es\/politica-de-privacidad\/#breadcrumb\"},\"inLanguage\":\"es\",\"potentialAction\":[{\"@type\":\"ReadAction\",\"target\":[\"https:\/\/lluistorne.com\/es\/politica-de-privacidad\/\"]}]},{\"@type\":\"BreadcrumbList\",\"@id\":\"https:\/\/lluistorne.com\/es\/politica-de-privacidad\/#breadcrumb\",\"itemListElement\":[{\"@type\":\"ListItem\",\"position\":1,\"name\":\"Home\",\"item\":\"https:\/\/lluistorne.com\/es\/\"},{\"@type\":\"ListItem\",\"position\":2,\"name\":\"Pol\u00edtica de Privacidad\"}]},{\"@type\":\"WebSite\",\"@id\":\"https:\/\/lluistorne.com\/#website\",\"url\":\"https:\/\/lluistorne.com\/\",\"name\":\"Blog M\u00e0rqueting Digital Llu\u00eds Torn\u00e9\",\"description\":\"Marketing online, social media i anal\u00edtica digital per a projectes digitals, community manager, social media manager\u2026 Blog M\u00e0rqueting Digital Llu\u00eds Torn\u00e9\",\"potentialAction\":[{\"@type\":\"SearchAction\",\"target\":{\"@type\":\"EntryPoint\",\"urlTemplate\":\"https:\/\/lluistorne.com\/?s={search_term_string}\"},\"query-input\":\"required name=search_term_string\"}],\"inLanguage\":\"es\"}]}<\/script>\n<!-- \/ Yoast SEO plugin. -->","yoast_head_json":{"title":"Pol\u00edtica de Privacidad - Blog M\u00e0rqueting Digital Llu\u00eds Torn\u00e9","description":"Pol\u00edtica de Privacidad - Blog Marketing Digital Llu\u00eds Torn\u00e9","robots":{"index":"noindex","follow":"nofollow"},"og_locale":"es_ES","og_type":"article","og_title":"Pol\u00edtica de Privacidad - Blog M\u00e0rqueting Digital Llu\u00eds Torn\u00e9","og_description":"Pol\u00edtica de Privacidad - Blog Marketing Digital Llu\u00eds Torn\u00e9","og_url":"https:\/\/lluistorne.com\/es\/politica-de-privacidad\/","og_site_name":"Blog M\u00e0rqueting Digital Llu\u00eds Torn\u00e9","article_publisher":"https:\/\/www.facebook.com\/lluis.torne.cortada","article_modified_time":"2025-03-18T14:13:49+00:00","twitter_card":"summary_large_image","twitter_site":"@lluis2014","twitter_misc":{"Tiempo de lectura":"1 minuto"},"schema":{"@context":"https:\/\/schema.org","@graph":[{"@type":"WebPage","@id":"https:\/\/lluistorne.com\/es\/politica-de-privacidad\/","url":"https:\/\/lluistorne.com\/es\/politica-de-privacidad\/","name":"Pol\u00edtica de Privacidad - Blog M\u00e0rqueting Digital Llu\u00eds Torn\u00e9","isPartOf":{"@id":"https:\/\/lluistorne.com\/#website"},"datePublished":"2019-04-23T06:00:47+00:00","dateModified":"2025-03-18T14:13:49+00:00","description":"Pol\u00edtica de Privacidad - Blog Marketing Digital Llu\u00eds Torn\u00e9","breadcrumb":{"@id":"https:\/\/lluistorne.com\/es\/politica-de-privacidad\/#breadcrumb"},"inLanguage":"es","potentialAction":[{"@type":"ReadAction","target":["https:\/\/lluistorne.com\/es\/politica-de-privacidad\/"]}]},{"@type":"BreadcrumbList","@id":"https:\/\/lluistorne.com\/es\/politica-de-privacidad\/#breadcrumb","itemListElement":[{"@type":"ListItem","position":1,"name":"Home","item":"https:\/\/lluistorne.com\/es\/"},{"@type":"ListItem","position":2,"name":"Pol\u00edtica de Privacidad"}]},{"@type":"WebSite","@id":"https:\/\/lluistorne.com\/#website","url":"https:\/\/lluistorne.com\/","name":"Blog M\u00e0rqueting Digital Llu\u00eds Torn\u00e9","description":"Marketing online, social media i anal\u00edtica digital per a projectes digitals, community manager, social media manager\u2026 Blog M\u00e0rqueting Digital Llu\u00eds Torn\u00e9","potentialAction":[{"@type":"SearchAction","target":{"@type":"EntryPoint","urlTemplate":"https:\/\/lluistorne.com\/?s={search_term_string}"},"query-input":"required name=search_term_string"}],"inLanguage":"es"}]}},"_links":{"self":[{"href":"https:\/\/lluistorne.com\/es\/wp-json\/wp\/v2\/pages\/6022"}],"collection":[{"href":"https:\/\/lluistorne.com\/es\/wp-json\/wp\/v2\/pages"}],"about":[{"href":"https:\/\/lluistorne.com\/es\/wp-json\/wp\/v2\/types\/page"}],"author":[{"embeddable":true,"href":"https:\/\/lluistorne.com\/es\/wp-json\/wp\/v2\/users\/1"}],"replies":[{"embeddable":true,"href":"https:\/\/lluistorne.com\/es\/wp-json\/wp\/v2\/comments?post=6022"}],"version-history":[{"count":10,"href":"https:\/\/lluistorne.com\/es\/wp-json\/wp\/v2\/pages\/6022\/revisions"}],"predecessor-version":[{"id":6302,"href":"https:\/\/lluistorne.com\/es\/wp-json\/wp\/v2\/pages\/6022\/revisions\/6302"}],"wp:attachment":[{"href":"https:\/\/lluistorne.com\/es\/wp-json\/wp\/v2\/media?parent=6022"}],"curies":[{"name":"wp","href":"https:\/\/api.w.org\/{rel}","templated":true}]}}